{"id":21,"date":"2024-07-10T20:10:17","date_gmt":"2024-07-10T20:10:17","guid":{"rendered":"https:\/\/nobondi.com.ar\/nobondi\/?page_id=21"},"modified":"2024-10-09T17:54:20","modified_gmt":"2024-10-09T17:54:20","slug":"home","status":"publish","type":"page","link":"https:\/\/nobondi.com.ar\/nobondi\/","title":{"rendered":"HOME"},"content":{"rendered":"<p>[et_pb_section fb_built=&#8221;1&#8243; _builder_version=&#8221;4.25.2&#8243; _module_preset=&#8221;default&#8221; background_video_mp4=&#8221;https:\/\/nobondi.com.ar\/nobondi\/wp-content\/uploads\/2024\/08\/02.mp4&#8243; width=&#8221;100%&#8221; max_width=&#8221;100%&#8221; module_alignment=&#8221;center&#8221; hover_enabled=&#8221;0&#8243; global_colors_info=&#8221;{}&#8221; min_height=&#8221;1500px&#8221; sticky_enabled=&#8221;0&#8243;][\/et_pb_section][et_pb_section fb_built=&#8221;1&#8243; _builder_version=&#8221;4.25.2&#8243; _module_preset=&#8221;default&#8221; background_color=&#8221;#000000&#8243; custom_margin=&#8221;||-4px|||&#8221; custom_padding=&#8221;||2px|||&#8221; global_colors_info=&#8221;{}&#8221;][et_pb_row column_structure=&#8221;1_3,1_3,1_3&#8243; _builder_version=&#8221;4.25.2&#8243; _module_preset=&#8221;default&#8221; custom_padding=&#8221;|||2px||&#8221; global_colors_info=&#8221;{}&#8221;][et_pb_column type=&#8221;1_3&#8243; _builder_version=&#8221;4.25.2&#8243; _module_preset=&#8221;default&#8221; global_colors_info=&#8221;{}&#8221;][et_pb_text _builder_version=&#8221;4.25.2&#8243; _module_preset=&#8221;default&#8221; text_font=&#8221;|800|||||||&#8221; text_text_color=&#8221;#FFFFFF&#8221; text_font_size=&#8221;21px&#8221; text_letter_spacing=&#8221;5px&#8221; global_colors_info=&#8221;{}&#8221;]VISUAL[\/et_pb_text][et_pb_text _builder_version=&#8221;4.25.2&#8243; _module_preset=&#8221;default&#8221; global_colors_info=&#8221;{}&#8221;]<\/p>\n<p>Dise\u00f1o visual, abarcando desde la creaci\u00f3n de logotipos e iconograf\u00edas personalizadas hasta animaciones 2D y 3D. Nuestro equipo tambi\u00e9n ofrece servicios de edici\u00f3n de video y gr\u00e1ficos en movimiento, asegurando que cada proyecto sea visualmente impactante y profesional.<\/p>\n<p>[\/et_pb_text][\/et_pb_column][et_pb_column type=&#8221;1_3&#8243; _builder_version=&#8221;4.25.2&#8243; _module_preset=&#8221;default&#8221; global_colors_info=&#8221;{}&#8221;][et_pb_text _builder_version=&#8221;4.25.2&#8243; _module_preset=&#8221;default&#8221; text_font=&#8221;|800|||||||&#8221; text_text_color=&#8221;#FFFFFF&#8221; text_font_size=&#8221;21px&#8221; text_letter_spacing=&#8221;5px&#8221; text_orientation=&#8221;center&#8221; width=&#8221;100%&#8221; max_width=&#8221;100%&#8221; global_colors_info=&#8221;{}&#8221;]MUSIC&#038;SOUND[\/et_pb_text][et_pb_text _builder_version=&#8221;4.25.2&#8243; _module_preset=&#8221;default&#8221; text_orientation=&#8221;center&#8221; global_colors_info=&#8221;{}&#8221;]<\/p>\n<p>Ofrecemos composici\u00f3n de m\u00fasica original y dise\u00f1o sonoro personalizado, creado por nuestro equipo de artistas y productores. Contamos con un cat\u00e1logo curado de m\u00fasica existente, completamente personalizable. Tambi\u00e9n realizamos mezclas de audio en est\u00e9reo y 5.1, adem\u00e1s de grabaciones remotas para proyectos globales.<\/p>\n<p>[\/et_pb_text][\/et_pb_column][et_pb_column type=&#8221;1_3&#8243; _builder_version=&#8221;4.25.2&#8243; _module_preset=&#8221;default&#8221; global_colors_info=&#8221;{}&#8221;][et_pb_text _builder_version=&#8221;4.25.2&#8243; _module_preset=&#8221;default&#8221; text_font=&#8221;|800|||||||&#8221; text_text_color=&#8221;#FFFFFF&#8221; text_font_size=&#8221;21px&#8221; text_letter_spacing=&#8221;5px&#8221; text_orientation=&#8221;right&#8221; global_colors_info=&#8221;{}&#8221;]SYSTEMS[\/et_pb_text][et_pb_text _builder_version=&#8221;4.25.2&#8243; _module_preset=&#8221;default&#8221; text_orientation=&#8221;right&#8221; global_colors_info=&#8221;{}&#8221;]<\/p>\n<p>Se ofrece despliegue y administraci\u00f3n de sitios web basados en templates, desarrollo de aplicaciones web personalizadas, hosting, gesti\u00f3n de Google Workspace, y seguridad web para mantener un rendimiento \u00f3ptimo y seguro en todas tus plataformas online.<\/p>\n<p>[\/et_pb_text][\/et_pb_column][\/et_pb_row][\/et_pb_section]<\/p>\n","protected":false},"excerpt":{"rendered":"<p>VISUALDise\u00f1o visual, abarcando desde la creaci\u00f3n de logotipos e iconograf\u00edas personalizadas hasta animaciones 2D y 3D. Nuestro equipo tambi\u00e9n ofrece servicios de edici\u00f3n de video y gr\u00e1ficos en movimiento, asegurando que cada proyecto sea visualmente impactante y profesional.MUSIC&#038;SOUNDOfrecemos composici\u00f3n de m\u00fasica original y dise\u00f1o sonoro personalizado, creado por nuestro equipo de artistas y productores. Contamos [&hellip;]<\/p>\n","protected":false},"author":1,"featured_media":0,"parent":0,"menu_order":0,"comment_status":"closed","ping_status":"closed","template":"","meta":{"_acf_changed":false,"_et_pb_use_builder":"on","_et_pb_old_content":"","_et_gb_content_width":"","footnotes":""},"class_list":["post-21","page","type-page","status-publish","hentry"],"acf":[],"_links":{"self":[{"href":"https:\/\/nobondi.com.ar\/nobondi\/index.php\/wp-json\/wp\/v2\/pages\/21","targetHints":{"allow":["GET"]}}],"collection":[{"href":"https:\/\/nobondi.com.ar\/nobondi\/index.php\/wp-json\/wp\/v2\/pages"}],"about":[{"href":"https:\/\/nobondi.com.ar\/nobondi\/index.php\/wp-json\/wp\/v2\/types\/page"}],"author":[{"embeddable":true,"href":"https:\/\/nobondi.com.ar\/nobondi\/index.php\/wp-json\/wp\/v2\/users\/1"}],"replies":[{"embeddable":true,"href":"https:\/\/nobondi.com.ar\/nobondi\/index.php\/wp-json\/wp\/v2\/comments?post=21"}],"version-history":[{"count":11,"href":"https:\/\/nobondi.com.ar\/nobondi\/index.php\/wp-json\/wp\/v2\/pages\/21\/revisions"}],"predecessor-version":[{"id":155,"href":"https:\/\/nobondi.com.ar\/nobondi\/index.php\/wp-json\/wp\/v2\/pages\/21\/revisions\/155"}],"wp:attachment":[{"href":"https:\/\/nobondi.com.ar\/nobondi\/index.php\/wp-json\/wp\/v2\/media?parent=21"}],"curies":[{"name":"wp","href":"https:\/\/api.w.org\/{rel}","templated":true}]}}